{"id":954,"date":"2012-10-18T16:04:29","date_gmt":"2012-10-18T14:04:29","guid":{"rendered":"http:\/\/www.maxxit-consulting.ch\/?page_id=954"},"modified":"2012-11-07T13:25:46","modified_gmt":"2012-11-07T11:25:46","slug":"risikohinweise","status":"publish","type":"page","link":"https:\/\/consulting.maxxit.org\/?page_id=954","title":{"rendered":"Terms &#038; Disclosure"},"content":{"rendered":"<h5><span style=\"color: #808080;\"><a title=\"Disclaimer\" href=\"https:\/\/consulting.maxxit.org\/?page_id=225\"><span style=\"color: #808080;\">Disclaimer<\/span><\/a> &#8211; <a title=\"Subscription\" href=\"https:\/\/consulting.maxxit.org\/?page_id=257\"><span style=\"color: #808080;\">Subscription<\/span><\/a> &#8211; <a title=\"Disclosure\" href=\"https:\/\/consulting.maxxit.org\/?page_id=954\"><span style=\"color: #808080;\">Terms &amp; Disclosure<\/span><\/a><\/span><\/h5>\n<p>&nbsp;<\/p>\n<p><span style=\"text-decoration: underline;\">Terms and Disclosure:<\/span><\/p>\n<p>Information, research and analytical tools contained herein are for informational and educational purposes only and should not be relied upon in isolation or construed as a guarantee of future performance. Simulated or hypothetical results and results generated by computer models contained herein possess certain inherent limitations. Unlike an actual performance record, simulated, hypothetical or model based results are based on Bridgewater analysis and do not represent actual trading or reflect the costs of managing the portfolio. Where historical data is not available return streams are simulated based on maXXit analysis. Since the trades have not actually been executed, the results may have under or over compensated for the impact, if any, of certain economic or market factors. We obtain economic and market data from government and private sources. Major external databases used include statistics compiled by the International Monetary Fund, central monetary authorities of G-8 countries, the OECD, the Commerce Department, and external data vendors, such as DRI, DataStream, Compustat, and Bloomberg. Certain transactions, including those involving futures, options, and other derivatives, give rise to substantial risk and are not suitable for all investors. Investors should consider whether any advice or recommendation provided is suitable for their particular circumstances and, where appropriate, seek independent professional advice, including tax advice. No part of this material may be (i) copied, photocopied or duplicated in any form by any means or (ii) redistributed without the prior written consent of maXXit Investment Consulting.<\/p>\n<p>&nbsp;<\/p>\n<p><span style=\"text-decoration: underline;\">Risikohinweise:<\/span><\/p>\n<p>Anleger sollten bei ihrer Investmententscheidung unsere Informationen nur als einen von mehreren Faktoren betrachten. Die maXXit Investment Consulting hat gegebenenfalls nicht nachgepr\u00fcft, ob die hierin beschriebenen Wertpapiere f\u00fcr alle Anleger geeignet sind. Die maXXit Investment Consulting wird die Empf\u00e4nger unserer Premium Services nicht automatisch als Kunden erachten oder als solche behandeln. Die in unseren Informationen genannten oder beschriebenen Anlagen oder Leistungen sind gegebenenfalls nicht f\u00fcr Sie geeignet, und wir empfehlen Ihnen, einen unabh\u00e4ngigen Anlageberater zu konsultieren, falls Sie im Hinblick auf die betreffenden Anlagen oder Leistungen Zweifel hegen. Unsere Informationen stellen keine Beratung in rechtlichen Fragen oder in Fragen der Rechnungslegung oder Besteuerung dar. Sie enthalten keine pers\u00f6nliche Empfehlung und soll in keiner Weise andeuten, dass bestimmte Anlagen oder Strategien f\u00fcr Sie geeignet oder im Rahmen Ihrer individuellen Situation f\u00fcr Sie angemessen sind. Kurs, Wert und Ertrag der in unseren Informationen evtl. beschriebenen Wertpapiere oder Finanzinstrumente k\u00f6nnen sowohl\u00a0steigen als auch fallen. Der Wert von Wertpapieren und Finanzinstrumenten unterliegt Wechselkursschwankungen, die sich sowohl vorteilhaft als auch nachteilig auf den Kurs bzw. den Ertrag der betreffenden Papiere oder Instrumente auswirken k\u00f6nnen. Dieses Risiko ist insbesondere von Belang f\u00fcr Anleger in Wertpapiere wie beispielsweise ADRs, deren Wert durch schwankende Wechselkurse beeinflusst wird. Bei strukturierten Wertpapieren handelt es sich um komplexe Anlageinstrumente, die typischerweise ein erh\u00f6htes Risiko aufweisen. Diese Produkte richten sich ausschliesslich an erfahrene und informierte Anleger, die alle mit der entsprechenden Anlage verbundenen Risiken verstehen und akzeptieren. Der Marktwert von strukturierten Wertpapieren wird durch wirtschaftliche, finanzielle und politische Faktoren beeinflusst (einschliesslich unter anderem Spot- und Forward-Zinsen sowie Wechselkurse), ebenso durch Faktoren wie Laufzeit, Marktkonditionen, Volatilit\u00e4t oder Bonit\u00e4t des Emittenten bzw. von Referenzemittenten. Anleger, die den Erwerb strukturierter Produkte erw\u00e4gen, sollten das betreffende Produkt eigenst\u00e4ndig pr\u00fcfen und analysieren und ihre eigenen Berater zu den mit dem geplanten Erwerb verbundenen Risiken konsultieren. Einige der in unseren Informationen evtl. behandelten Produkte weisen ein erh\u00f6htes Mass an Volatilit\u00e4t auf. Anlagen mit erh\u00f6hter Volatilit\u00e4t k\u00f6nnen starken Wertschwankungen unterliegen, die zu Verlusten bei einer Realisierung der betreffenden Anlage f\u00fchren k\u00f6nnen. Derartige Verluste k\u00f6nnen dem Wert der urspr\u00fcnglichen Anlage entsprechen. Bei bestimmten Investments k\u00f6nnen die erlittenen Verluste den Wert der urspr\u00fcnglichen Anlage sogar \u00fcbersteigen. In einem solchen Fall m\u00fcssen Sie die erlittenen Verluste durch zus\u00e4tzliche Zahlungen decken. Die Rendite auf ein Investment kann fluktuieren, und gegebenenfalls wird ein Teil des f\u00fcr die urspr\u00fcngliche Anlage gezahlten Betrags f\u00fcr die Zahlung der Rendite verwendet. Bestimmte Investments k\u00f6nnen gegebenenfalls nicht ohne weiteres realisiert werden, und der Verkauf bzw. die Realisierung der betreffenden Instrumente kann sich als schwierig erweisen.<\/p>\n<p>&nbsp;<\/p>\n","protected":false},"excerpt":{"rendered":"<p>Disclaimer &#8211; Subscription &#8211; Terms &amp; Disclosure &nbsp; Terms and Disclosure: Information, research and analytical tools contained herein are for informational and educational purposes only and should not be relied upon in isolation or construed as a guarantee of future <a class=\"more-link\" href=\"https:\/\/consulting.maxxit.org\/?page_id=954\">weiterlesen  <span class=\"screen-reader-text\">  Terms &#038; Disclosure<\/span><span class=\"meta-nav\">&rarr;<\/span><\/a><\/p>\n","protected":false},"author":1,"featured_media":0,"parent":257,"menu_order":0,"comment_status":"closed","ping_status":"closed","template":"","meta":{"footnotes":""},"_links":{"self":[{"href":"https:\/\/consulting.maxxit.org\/index.php?rest_route=\/wp\/v2\/pages\/954"}],"collection":[{"href":"https:\/\/consulting.maxxit.org\/index.php?rest_route=\/wp\/v2\/pages"}],"about":[{"href":"https:\/\/consulting.maxxit.org\/index.php?rest_route=\/wp\/v2\/types\/page"}],"author":[{"embeddable":true,"href":"https:\/\/consulting.maxxit.org\/index.php?rest_route=\/wp\/v2\/users\/1"}],"replies":[{"embeddable":true,"href":"https:\/\/consulting.maxxit.org\/index.php?rest_route=%2Fwp%2Fv2%2Fcomments&post=954"}],"version-history":[{"count":17,"href":"https:\/\/consulting.maxxit.org\/index.php?rest_route=\/wp\/v2\/pages\/954\/revisions"}],"predecessor-version":[{"id":1273,"href":"https:\/\/consulting.maxxit.org\/index.php?rest_route=\/wp\/v2\/pages\/954\/revisions\/1273"}],"up":[{"embeddable":true,"href":"https:\/\/consulting.maxxit.org\/index.php?rest_route=\/wp\/v2\/pages\/257"}],"wp:attachment":[{"href":"https:\/\/consulting.maxxit.org\/index.php?rest_route=%2Fwp%2Fv2%2Fmedia&parent=954"}],"curies":[{"name":"wp","href":"https:\/\/api.w.org\/{rel}","templated":true}]}}