{"id":78,"date":"2012-10-10T09:48:02","date_gmt":"2012-10-10T07:48:02","guid":{"rendered":"http:\/\/www.maxxit-consulting.ch\/?page_id=78"},"modified":"2013-01-24T13:07:16","modified_gmt":"2013-01-24T11:07:16","slug":"partnership","status":"publish","type":"page","link":"https:\/\/consulting.maxxit.org\/?page_id=78","title":{"rendered":"Partnership"},"content":{"rendered":"<h3>heisst Gleichberechtigung &#8230;<\/h3>\n<p>&nbsp;<\/p>\n<p>Unser Gesch\u00e4ftsmodell beruht auf diesem Prinzip der Gleichberechtigung und Eigenst\u00e4ndigkeit innerhalb eines Netzwerks. Jeder unserer Partner hat die M\u00f6glichkeit f\u00fcr sich selbst verantwortlich sein eigenes Portfolio zu verwalten. Gleichzeitig profitiert er von unserem Analyse Netzwerk und unserer technischen Infrastruktur. Jeder Partner kann sich auch entscheiden, die Verwaltung seines Portfolios dem\u00a0Investment Commitee\u00a0anzuvertrauen. Innerhalb dieses Rahmens sind alle erdenklichen Variationen denkbar und m\u00f6glich. Das Grundprinzip bei allen M\u00f6glichkeiten der Selbstverwaltung oder Abtretung der Anlageentscheidungen basiert immer auf dem gleichen Grundsatz &#8211; falls jemand von\u00a0der Idee eines Partners\u00a0profitiert, erh\u00e4lt der Ideengeber 20% des Gewinns.<\/p>\n<p>Falls Sie Interesse an einer Partnerschaft haben sollten, kontaktieren Sie uns. Dies ist ab einer Portfoliogr\u00f6sse von ca. EUR 10 Mio. unter bestimmten Umst\u00e4nden m\u00f6glich. Wir freuen uns und werden Sie selbstverst\u00e4ndlich umfassend beraten.<\/p>\n<p>Bitte ben\u00fctzen Sie zur Kontaktaufnahme unsere Contact Form\u00a0unten rechts &#8211; vielen Dank.<\/p>\n","protected":false},"excerpt":{"rendered":"<p>heisst Gleichberechtigung &#8230; &nbsp; Unser Gesch\u00e4ftsmodell beruht auf diesem Prinzip der Gleichberechtigung und Eigenst\u00e4ndigkeit innerhalb eines Netzwerks. Jeder unserer Partner hat die M\u00f6glichkeit f\u00fcr sich selbst verantwortlich sein eigenes Portfolio zu verwalten. Gleichzeitig profitiert er von unserem Analyse Netzwerk und <a class=\"more-link\" href=\"https:\/\/consulting.maxxit.org\/?page_id=78\">weiterlesen  <span class=\"screen-reader-text\">  Partnership<\/span><span class=\"meta-nav\">&rarr;<\/span><\/a><\/p>\n","protected":false},"author":1,"featured_media":0,"parent":0,"menu_order":0,"comment_status":"closed","ping_status":"closed","template":"","meta":{"footnotes":""},"_links":{"self":[{"href":"https:\/\/consulting.maxxit.org\/index.php?rest_route=\/wp\/v2\/pages\/78"}],"collection":[{"href":"https:\/\/consulting.maxxit.org\/index.php?rest_route=\/wp\/v2\/pages"}],"about":[{"href":"https:\/\/consulting.maxxit.org\/index.php?rest_route=\/wp\/v2\/types\/page"}],"author":[{"embeddable":true,"href":"https:\/\/consulting.maxxit.org\/index.php?rest_route=\/wp\/v2\/users\/1"}],"replies":[{"embeddable":true,"href":"https:\/\/consulting.maxxit.org\/index.php?rest_route=%2Fwp%2Fv2%2Fcomments&post=78"}],"version-history":[{"count":23,"href":"https:\/\/consulting.maxxit.org\/index.php?rest_route=\/wp\/v2\/pages\/78\/revisions"}],"predecessor-version":[{"id":1938,"href":"https:\/\/consulting.maxxit.org\/index.php?rest_route=\/wp\/v2\/pages\/78\/revisions\/1938"}],"wp:attachment":[{"href":"https:\/\/consulting.maxxit.org\/index.php?rest_route=%2Fwp%2Fv2%2Fmedia&parent=78"}],"curies":[{"name":"wp","href":"https:\/\/api.w.org\/{rel}","templated":true}]}}