{"id":576,"date":"2012-10-13T02:05:44","date_gmt":"2012-10-13T00:05:44","guid":{"rendered":"http:\/\/www.maxxit-consulting.ch\/?page_id=576"},"modified":"2017-03-03T18:44:15","modified_gmt":"2017-03-03T16:44:15","slug":"analysis","status":"publish","type":"page","link":"https:\/\/consulting.maxxit.org\/?page_id=576","title":{"rendered":"Research"},"content":{"rendered":"<h5><span style=\"color: #888888;\"><a title=\"Technical\" href=\"https:\/\/consulting.maxxit.org\/?page_id=91\"><span style=\"color: #888888;\">Technical<\/span><\/a> &#8211;\u00a0<a title=\"Macro\" href=\"https:\/\/consulting.maxxit.org\/?page_id=70\"><span style=\"color: #888888;\">Macro<\/span><\/a> &#8211; <a title=\"Downloads\" href=\"https:\/\/consulting.maxxit.org\/?page_id=75\"><span style=\"color: #888888;\">Downloads<\/span><\/a>\u00a0&#8211; <a title=\"Subscription\" href=\"https:\/\/consulting.maxxit.org\/?page_id=257\"><span style=\"color: #888888;\">Subscription<\/span><\/a>\u00a0<\/span><\/h5>\n<h5><\/h5>\n<h3><em>The Big Picture\u00a0und unsere Sicht der Dinge &#8230;<\/em><\/h3>\n<p>&nbsp;<\/p>\n<p>Wir befinden uns etwa seit dem Jahre 2008 in einem weltweitem Deleveraging Prozess. Die internationalen Notenbanken versuchen nun schon seit einiger Zeit zuerst in den USA mit QE1, QE2 und nun QE3 eine Reflationierung durchzuf\u00fchren. Die EZB tut dies ebenfalls mit den bekannten Massnahmen. Die BOJ hat sich diesem Spiel k\u00fcrzlich ebenfalls angeschlossen. Da ein solcher &#8222;Deleveraging Prozess&#8220; in der Regel zwischen 10 und 15 Jahren dauert, befinden wir uns erst am Anfang.<br \/>\nWir vermuten nun, dass die immer st\u00e4rker werdenden Reflationierungsmassnahmen der Notenbanken in Verbindung mit der sich abschw\u00e4chenden Weltkonjunktur \u00fcber einen Zeitraum von 2 bis 3 Jahren zu st\u00e4rkerer Inflation f\u00fchren wird, als dies zur Zeit\u00a0\u00f6ffentlich zugegeben und kommuniziert wird. Damit verbunden\u00a0 erwarten wir einen Zinsanstieg, der sich mit den sich abzeichnenden Topbildungsformationen im amerikanischen T-Bond und im Deutschen Bund Future best\u00e4tigen w\u00fcrde. Noch ist dieser Prozess allerdings noch nicht abgeschlossen und kann sich durchaus noch einige Zeit hinziehen.<\/p>\n<p>Sollte sich dieses Szenario aber bewahrheiten &#8211; wovon wir ausgehen &#8211; kann dies nat\u00fcrlich mit allen bekannten Mitteln &#8222;gespielt&#8220; werden: Zinsswaps, Futures auf steigende Zinsen bzw. fallende Bondm\u00e4rkte, Gold und Silber Investments, Reduktion von Immobilien Investments u.v.m. Damit verbunden werden auch entsprechende Verschiebungen in den W\u00e4hrungsm\u00e4rkten stattfinden, die dann einfach \u00fcber FOREX Kontrakte abgebildet werden k\u00f6nnen.<\/p>\n<p>Von einem gr\u00f6sseren Investment in die Aktienm\u00e4rkte sehen wir derzeit noch ab, da uns die Lage in einigen s\u00fcdeurop\u00e4ischen L\u00e4ndern noch zu unsicher erscheint und wir noch einige negative Ueberrsachungen bef\u00fcrchten. Im Zuge eines evtl. eintretenden Dips sehen wir dann allerdings gute Investitionsgelegenheiten f\u00fcr die n\u00e4chsten Jahre.<\/p>\n","protected":false},"excerpt":{"rendered":"<p>Technical &#8211;\u00a0Macro &#8211; Downloads\u00a0&#8211; Subscription\u00a0 The Big Picture\u00a0und unsere Sicht der Dinge &#8230; &nbsp; Wir befinden uns etwa seit dem Jahre 2008 in einem weltweitem Deleveraging Prozess. Die internationalen Notenbanken versuchen nun schon seit einiger Zeit zuerst in den USA <a class=\"more-link\" href=\"https:\/\/consulting.maxxit.org\/?page_id=576\">weiterlesen  <span class=\"screen-reader-text\">  Research<\/span><span class=\"meta-nav\">&rarr;<\/span><\/a><\/p>\n","protected":false},"author":1,"featured_media":0,"parent":0,"menu_order":0,"comment_status":"closed","ping_status":"closed","template":"","meta":{"footnotes":""},"_links":{"self":[{"href":"https:\/\/consulting.maxxit.org\/index.php?rest_route=\/wp\/v2\/pages\/576"}],"collection":[{"href":"https:\/\/consulting.maxxit.org\/index.php?rest_route=\/wp\/v2\/pages"}],"about":[{"href":"https:\/\/consulting.maxxit.org\/index.php?rest_route=\/wp\/v2\/types\/page"}],"author":[{"embeddable":true,"href":"https:\/\/consulting.maxxit.org\/index.php?rest_route=\/wp\/v2\/users\/1"}],"replies":[{"embeddable":true,"href":"https:\/\/consulting.maxxit.org\/index.php?rest_route=%2Fwp%2Fv2%2Fcomments&post=576"}],"version-history":[{"count":12,"href":"https:\/\/consulting.maxxit.org\/index.php?rest_route=\/wp\/v2\/pages\/576\/revisions"}],"predecessor-version":[{"id":2130,"href":"https:\/\/consulting.maxxit.org\/index.php?rest_route=\/wp\/v2\/pages\/576\/revisions\/2130"}],"wp:attachment":[{"href":"https:\/\/consulting.maxxit.org\/index.php?rest_route=%2Fwp%2Fv2%2Fmedia&parent=576"}],"curies":[{"name":"wp","href":"https:\/\/api.w.org\/{rel}","templated":true}]}}