{"id":470,"date":"2012-10-12T10:35:16","date_gmt":"2012-10-12T08:35:16","guid":{"rendered":"http:\/\/www.maxxit-consulting.ch\/?page_id=470"},"modified":"2017-03-03T19:05:33","modified_gmt":"2017-03-03T17:05:33","slug":"handelssignale","status":"publish","type":"page","link":"https:\/\/consulting.maxxit.org\/?page_id=470","title":{"rendered":"Investment Signals"},"content":{"rendered":"<h5><span style=\"color: #888888;\"><a title=\"pricing model\" href=\"https:\/\/consulting.maxxit.org\/?page_id=1174\"><span style=\"color: #888888;\">pricing model<\/span><\/a><\/span><span style=\"color: #888888;\">\u00a0&#8211; <\/span><span style=\"color: #808080;\"><a title=\"memberships\" href=\"https:\/\/consulting.maxxit.org\/?page_id=1275\"><span style=\"color: #808080;\">memberships<\/span><\/a><\/span><\/h5>\n<p>&nbsp;<\/p>\n<p>Unsere Handelssignale basieren auf mittelfristigen und langfristigen Indikatoren. Wir\u00a0ben\u00fctzen f\u00fcr die mittelfristigen Signale ein daily chart und f\u00fcr die langfristigen Signale ein weekly chart des jeweiligen Underlyings. Gleichzeitig verifizieren wir die ausgel\u00f6sten Signale mit einem macro\u00f6konomischen Model zur Plausibilit\u00e4ts Pr\u00fcfung &#8211; ein automatischer Handel erfolgt nicht. Dies tun wir im Bewusstsein, dass auch computer generierte Signale, wie\u00a0jeder weiss der sich\u00a0ernsthaft damit befasst,\u00a0nicht immer und unter allen Umst\u00e4nden Gewinne erzielen. Aus dieser Plausibilit\u00e4tspr\u00fcfung ergibt sich ein dreistufiges Modell, je nachdem wie stark wir die ausgel\u00f6sten Signale in Uebereinstimmung mit anderen Indikatoren bewerten. Hierzu verwenden wir auf unserer Signal Seite einen Farbcode:<\/p>\n<p>&nbsp;<\/p>\n<ul>\n<li><span style=\"color: #008000;\">Gr\u00fcn bedeutet\u00a0gute Bewertung des Signals in \u00fcbereinstimmung mit macrooekonomischen und weiteren technischen Kriterien.<\/span><\/li>\n<li><span style=\"color: #808080;\">Grau bedeutet\u00a0neutrale Bewertung des Signals.<\/span><\/li>\n<li><span style=\"color: #ff0000;\">Rot bedeutet schwache Bewertung des Signals mit Divergenzen zu macrooekonomischen und anderen technischen Kriterien.<\/span><\/li>\n<\/ul>\n<p>&nbsp;<\/p>\n<p>Beachten Sie bitte, dass es sich bei diesen Gewichtungen trotz detailierter und gewissenhafter Analyse um die subjektiven Ansichten unseres Investment Committees handelt, die computergenerierte Signale bewerten. Diesen Farbcode finden Sie in unserem gesch\u00fctzten Kundenbereich unter dem ausgel\u00f6sten Signal wieder. Gleichzeitig ver\u00f6ffentlichen wir einen Performance Report mit den wichtigsten Kennzahlen zum jeweiligen Underying, der die Performance der letzten 10 Jahre unserer Signale zu diesem Underlying anzeigt. Jeder Investor kann damit selbst entscheiden, wie er aus seiner Sicht die ausgel\u00f6sten Signale bewertet\u00a0und ob er Ihnen folgt oder nicht.<br \/>\nIn unserem Ticker auf der Sidebar\u00a0ver\u00f6ffentlichen wir die letzten 2 Signale\u00a0 &#8211; allerdings ohne die Bewertung des Investment Committee und ca. 2-3 Wochen zeitverz\u00f6gert.<\/p>\n<p>&nbsp;<\/p>\n<address>Wir stellen die Signale unserer Handelssysteme unter folgenden Voraussetzungen zur Verf\u00fcgung ( Login und\u00a0<span style=\"color: #888888;\"><a title=\"memberships\" href=\"https:\/\/consulting.maxxit.org\/?page_id=1275\"><span style=\"color: #888888;\">membership<\/span><\/a><\/span> erforderlich ):<\/address>\n<address>\u00a0<\/address>\n<p>Der Investor erkl\u00e4rt sich mit unseren Partnerbedingungen &#8211; wie in unserem <span style=\"color: #888888;\"><a title=\"pricing model\" href=\"https:\/\/consulting.maxxit.org\/?page_id=1174\" target=\"_blank\"><span style=\"color: #888888;\">pricing model<\/span><\/a><\/span> definiert -einverstanden, d.h. wenn ein Investor aufgrund unserer Handelssignale Gewinne erwirtschaftet, verpflichtet er sich vom erzielten Gewinn 20% an uns als Honorar zu bezahlen. F\u00fcr eventuell auftretende Verluste haften wir nicht. Wir gehen davon aus, dass es sich bei unseren Kunden um erfahrene Investoren handelt, die sich \u00fcber die Risiken von B\u00f6rsen-, Devisen- und Rohstoffgesch\u00e4ften jeglicher Art\u00a0im Klaren\u00a0sind.<br \/>\nZur Verifizierung der abgewickelten Transaktionen\u00a0bedienen wir uns verschiedener Modelle. Nehmen Sie Kontakt mit uns auf und wir beraten Sie gerne unfassend pers\u00f6nlich, gerne auch in Ihrem Hause.<\/p>\n<p>&nbsp;<\/p>\n<p>Oder verwenden Sie unsere\u00a0<span style=\"color: #888888;\"><a title=\"memberships\" href=\"https:\/\/consulting.maxxit.org\/?page_id=1275\"><span style=\"color: #888888;\">memberships<\/span><\/a>\u00a0<span style=\"color: #000000;\">page. Hier k\u00f6nnen Sie via Paypal einen Testzugang erhalten, oder auch f\u00fcr einen Dauerzugang eine initial margin hinterlegen.<\/span><\/span><\/p>\n","protected":false},"excerpt":{"rendered":"<p>pricing model\u00a0&#8211; memberships &nbsp; Unsere Handelssignale basieren auf mittelfristigen und langfristigen Indikatoren. Wir\u00a0ben\u00fctzen f\u00fcr die mittelfristigen Signale ein daily chart und f\u00fcr die langfristigen Signale ein weekly chart des jeweiligen Underlyings. Gleichzeitig verifizieren wir die ausgel\u00f6sten Signale mit einem macro\u00f6konomischen <a class=\"more-link\" href=\"https:\/\/consulting.maxxit.org\/?page_id=470\">weiterlesen  <span class=\"screen-reader-text\">  Investment Signals<\/span><span class=\"meta-nav\">&rarr;<\/span><\/a><\/p>\n","protected":false},"author":1,"featured_media":0,"parent":0,"menu_order":0,"comment_status":"closed","ping_status":"closed","template":"","meta":{"footnotes":""},"_links":{"self":[{"href":"https:\/\/consulting.maxxit.org\/index.php?rest_route=\/wp\/v2\/pages\/470"}],"collection":[{"href":"https:\/\/consulting.maxxit.org\/index.php?rest_route=\/wp\/v2\/pages"}],"about":[{"href":"https:\/\/consulting.maxxit.org\/index.php?rest_route=\/wp\/v2\/types\/page"}],"author":[{"embeddable":true,"href":"https:\/\/consulting.maxxit.org\/index.php?rest_route=\/wp\/v2\/users\/1"}],"replies":[{"embeddable":true,"href":"https:\/\/consulting.maxxit.org\/index.php?rest_route=%2Fwp%2Fv2%2Fcomments&post=470"}],"version-history":[{"count":66,"href":"https:\/\/consulting.maxxit.org\/index.php?rest_route=\/wp\/v2\/pages\/470\/revisions"}],"predecessor-version":[{"id":2146,"href":"https:\/\/consulting.maxxit.org\/index.php?rest_route=\/wp\/v2\/pages\/470\/revisions\/2146"}],"wp:attachment":[{"href":"https:\/\/consulting.maxxit.org\/index.php?rest_route=%2Fwp%2Fv2%2Fmedia&parent=470"}],"curies":[{"name":"wp","href":"https:\/\/api.w.org\/{rel}","templated":true}]}}