{"id":44,"date":"2012-10-10T09:51:09","date_gmt":"2012-10-10T07:51:09","guid":{"rendered":"http:\/\/www.maxxit-consulting.ch\/?page_id=44"},"modified":"2017-03-03T19:10:15","modified_gmt":"2017-03-03T17:10:15","slug":"was-soll-das-heissen","status":"publish","type":"page","link":"https:\/\/consulting.maxxit.org\/?page_id=44","title":{"rendered":"Consulting"},"content":{"rendered":"<h5><span style=\"color: #888888;\"><a title=\"Trading\" href=\"https:\/\/consulting.maxxit.org\/?page_id=38\"><span style=\"color: #888888;\">Trading<\/span><\/a> &#8211; <span style=\"color: #808080;\"><a title=\"Market Timing\" href=\"https:\/\/consulting.maxxit.org\/?page_id=42\"><span style=\"color: #808080;\">Market Timing<\/span><\/a><\/span> &#8211; <a title=\"Handelssysteme\" href=\"https:\/\/consulting.maxxit.org\/?page_id=40\"><span style=\"color: #888888;\">Handelssysteme<\/span><\/a> <\/span>&#8211; <span style=\"color: #888888;\"><a title=\"maxxIT\" href=\"https:\/\/consulting.maxxit.org\/?page_id=376\"><span style=\"color: #888888;\">maxxIT<\/span><\/a><\/span><span style=\"color: #888888;\"> &#8211; <a title=\"Signals\" href=\"https:\/\/consulting.maxxit.org\/?page_id=470\"><span style=\"color: #888888;\">Signals<\/span><\/a><\/span><\/h5>\n<p>&nbsp;<\/p>\n<h3><em>Was soll das heissen ?<\/em><\/h3>\n<p>&nbsp;<\/p>\n<p>Wir\u00a0f\u00fchren\u00a0Banken- und Vertriebsunabh\u00e4ngige Verm\u00f6gens-, Investment-\u00a0und Risikoberatung auf reiner Honorarbasis durch. Das hei\u00dft,\u00a0wir\u00a0sind weder von Provisionen noch von irgendwelchen Verkaufsvorgaben eines bestimmten Anbieters abh\u00e4ngig &#8211; oder gehen Sie vielleicht zum Finanzamt, wenn Sie Steuern sparen m\u00f6chten ?<\/p>\n<p>Unsere\u00a0Neutralit\u00e4t ist Ihr Vorteil, denn Sie k\u00f6nnen sicher sein, dass es ausschliesslich um die Optimierung Ihres Portfolios und Ihrer Risikostruktur geht . Wir werden Ihnen nicht in Ihren Verantwortungsbereich\u00a0hineinreden. Wir beraten Sie nicht im Sinne des Wertpapierhandelsgesetzes, sondern stellen Ihnen unsere\u00a0Strategien vor. Die Umsetzung der Strategien koennen Sie selbst vor dem Hintergrund Ihrer spezifischen Erfordernisse durchfuehren, dazu brauchen Sie uns nicht.<\/p>\n<p>Die allgemeine Beratungsqualit\u00e4t in den Banken ist leider nicht unbedingt f\u00f6rderlich f\u00fcr die Kundenverm\u00f6gen, insbesondere wenn es sich nicht um einen Grossinvestor handelt, sondern um die sogg. mittleren Verm\u00f6gen. Der Trend zu mehr unabh\u00e4ngiger Beratung wird deshalb nicht aufzuhalten sein. In den Vereinigten Staaten hat das &#8222;Investment Consulting&#8220;\u00a0schon einen Marktanteil von ca. 15 Prozent.<\/p>\n<p>Nat\u00fcrlich machen wir das nicht umsonst und aus reiner Menschenfreundlichkeit. Aber Sie werden als privater Investor &#8211; je nach Gr\u00f6sse und Komplexit\u00e4t des Portfolios &#8211; f\u00fcr eine Erstberatung nicht mehr bezahlen, als wenn Sie sich z.B.\u00a0von einem\u00a0guten Rechtsanwalt beraten lassen.<\/p>\n","protected":false},"excerpt":{"rendered":"<p>Trading &#8211; Market Timing &#8211; Handelssysteme &#8211; maxxIT &#8211; Signals &nbsp; Was soll das heissen ? &nbsp; Wir\u00a0f\u00fchren\u00a0Banken- und Vertriebsunabh\u00e4ngige Verm\u00f6gens-, Investment-\u00a0und Risikoberatung auf reiner Honorarbasis durch. Das hei\u00dft,\u00a0wir\u00a0sind weder von Provisionen noch von irgendwelchen Verkaufsvorgaben eines bestimmten Anbieters abh\u00e4ngig <a class=\"more-link\" href=\"https:\/\/consulting.maxxit.org\/?page_id=44\">weiterlesen  <span class=\"screen-reader-text\">  Consulting<\/span><span class=\"meta-nav\">&rarr;<\/span><\/a><\/p>\n","protected":false},"author":1,"featured_media":0,"parent":1632,"menu_order":0,"comment_status":"closed","ping_status":"closed","template":"","meta":{"footnotes":""},"_links":{"self":[{"href":"https:\/\/consulting.maxxit.org\/index.php?rest_route=\/wp\/v2\/pages\/44"}],"collection":[{"href":"https:\/\/consulting.maxxit.org\/index.php?rest_route=\/wp\/v2\/pages"}],"about":[{"href":"https:\/\/consulting.maxxit.org\/index.php?rest_route=\/wp\/v2\/types\/page"}],"author":[{"embeddable":true,"href":"https:\/\/consulting.maxxit.org\/index.php?rest_route=\/wp\/v2\/users\/1"}],"replies":[{"embeddable":true,"href":"https:\/\/consulting.maxxit.org\/index.php?rest_route=%2Fwp%2Fv2%2Fcomments&post=44"}],"version-history":[{"count":22,"href":"https:\/\/consulting.maxxit.org\/index.php?rest_route=\/wp\/v2\/pages\/44\/revisions"}],"predecessor-version":[{"id":2152,"href":"https:\/\/consulting.maxxit.org\/index.php?rest_route=\/wp\/v2\/pages\/44\/revisions\/2152"}],"up":[{"embeddable":true,"href":"https:\/\/consulting.maxxit.org\/index.php?rest_route=\/wp\/v2\/pages\/1632"}],"wp:attachment":[{"href":"https:\/\/consulting.maxxit.org\/index.php?rest_route=%2Fwp%2Fv2%2Fmedia&parent=44"}],"curies":[{"name":"wp","href":"https:\/\/api.w.org\/{rel}","templated":true}]}}