{"id":42,"date":"2012-10-10T09:39:42","date_gmt":"2012-10-10T07:39:42","guid":{"rendered":"http:\/\/www.maxxit-consulting.ch\/?page_id=42"},"modified":"2017-03-03T19:08:32","modified_gmt":"2017-03-03T17:08:32","slug":"das-ao-erfolgreicher-investments","status":"publish","type":"page","link":"https:\/\/consulting.maxxit.org\/?page_id=42","title":{"rendered":"Market Timing"},"content":{"rendered":"<h5><span style=\"color: #888888;\"><a title=\"Trading\" href=\"https:\/\/consulting.maxxit.org\/?page_id=38\"><span style=\"color: #888888;\">Trading<\/span><\/a> &#8211;<\/span> <span style=\"color: #808080;\"><a title=\"Consulting\" href=\"https:\/\/consulting.maxxit.org\/?page_id=44\"><span style=\"color: #808080;\">Consulting<\/span><\/a> &#8211; <a title=\"Handelssysteme\" href=\"https:\/\/consulting.maxxit.org\/?page_id=40\"><span style=\"color: #808080;\">Handelssysteme<\/span><\/a> &#8211; <a title=\"maxxIT\" href=\"https:\/\/consulting.maxxit.org\/?page_id=376\"><span style=\"color: #808080;\">maxxIT<\/span><\/a> &#8211; <a title=\"Signals\" href=\"https:\/\/consulting.maxxit.org\/?page_id=470\"><span style=\"color: #808080;\">Signals<\/span><\/a><\/span><\/h5>\n<h3><em><br \/>\nDas A&amp;O erfolgreicher Investments &#8230;<\/em><\/h3>\n<p>&nbsp;<\/p>\n<p>Wann einsteigen, wann Gewinne mitnehmen, wann austeigen &#8211; die\u00a0alles entscheidenden\u00a0Fragen bei jedem Investment. Wir beantworten diese Fragen auf\u00a0 Basis unserer Analysen und unserer bew\u00e4hrten Handelssysteme. Die entsprechenden Entscheidungen und Dispositionen koennen Sie vor dem Hintergrund Ihrer spezifischen Erfordernisse dann selbst treffen. Dieser Service\u00a0ist f\u00fcr Investments in internationale Aktienm\u00e4rkte, in den Devisenm\u00e4rkten auf einige ausgesuchte W\u00e4hrungspaare und f\u00fcr Investments in einigen Rohstoffm\u00e4rkten verf\u00fcgbar. Der Zeithorizont der Investments sollte hier mindestens zwischen einigen Monaten und wenigen Jahre liegen. Wir reden Klartext und verschweigen keine Risiken. Wir beraten Sie objektiv, unabhaengig\u00a0und umfassend. Wir stehen selbstverstaendlich auch dazu, einmal keine Meinung zu einem bestimmten Marktumfeld zu haben. Wir halten es fuer besser, auch mal an der Seitenlinie zu stehen, als sich in unkalkulierte Risiken zu begeben. F\u00fcr private Investoren\u00a0oder institutionelle Anleger.<\/p>\n<h4><strong><em>Ein Impuls wird in der Angst geboren.<br \/>\nEr w\u00e4chst im Zweifel,<br \/>\naltert im Optimismus<br \/>\nund er stirbt in der Euphorie.<\/em><\/strong><\/h4>\n","protected":false},"excerpt":{"rendered":"<p>Trading &#8211; Consulting &#8211; Handelssysteme &#8211; maxxIT &#8211; Signals Das A&amp;O erfolgreicher Investments &#8230; &nbsp; Wann einsteigen, wann Gewinne mitnehmen, wann austeigen &#8211; die\u00a0alles entscheidenden\u00a0Fragen bei jedem Investment. Wir beantworten diese Fragen auf\u00a0 Basis unserer Analysen und unserer bew\u00e4hrten Handelssysteme. <a class=\"more-link\" href=\"https:\/\/consulting.maxxit.org\/?page_id=42\">weiterlesen  <span class=\"screen-reader-text\">  Market Timing<\/span><span class=\"meta-nav\">&rarr;<\/span><\/a><\/p>\n","protected":false},"author":1,"featured_media":0,"parent":1632,"menu_order":0,"comment_status":"closed","ping_status":"closed","template":"","meta":{"footnotes":""},"_links":{"self":[{"href":"https:\/\/consulting.maxxit.org\/index.php?rest_route=\/wp\/v2\/pages\/42"}],"collection":[{"href":"https:\/\/consulting.maxxit.org\/index.php?rest_route=\/wp\/v2\/pages"}],"about":[{"href":"https:\/\/consulting.maxxit.org\/index.php?rest_route=\/wp\/v2\/types\/page"}],"author":[{"embeddable":true,"href":"https:\/\/consulting.maxxit.org\/index.php?rest_route=\/wp\/v2\/users\/1"}],"replies":[{"embeddable":true,"href":"https:\/\/consulting.maxxit.org\/index.php?rest_route=%2Fwp%2Fv2%2Fcomments&post=42"}],"version-history":[{"count":18,"href":"https:\/\/consulting.maxxit.org\/index.php?rest_route=\/wp\/v2\/pages\/42\/revisions"}],"predecessor-version":[{"id":2149,"href":"https:\/\/consulting.maxxit.org\/index.php?rest_route=\/wp\/v2\/pages\/42\/revisions\/2149"}],"up":[{"embeddable":true,"href":"https:\/\/consulting.maxxit.org\/index.php?rest_route=\/wp\/v2\/pages\/1632"}],"wp:attachment":[{"href":"https:\/\/consulting.maxxit.org\/index.php?rest_route=%2Fwp%2Fv2%2Fmedia&parent=42"}],"curies":[{"name":"wp","href":"https:\/\/api.w.org\/{rel}","templated":true}]}}