{"id":40,"date":"2012-10-10T09:39:52","date_gmt":"2012-10-10T07:39:52","guid":{"rendered":"http:\/\/www.maxxit-consulting.ch\/?page_id=40"},"modified":"2017-03-03T19:09:24","modified_gmt":"2017-03-03T17:09:24","slug":"das-huhn-das-goldene-eier-legt","status":"publish","type":"page","link":"https:\/\/consulting.maxxit.org\/?page_id=40","title":{"rendered":"Handelssysteme"},"content":{"rendered":"<h5><span style=\"color: #888888;\"><a title=\"Trading\" href=\"https:\/\/consulting.maxxit.org\/?page_id=38\"><span style=\"color: #888888;\">Trading<\/span><\/a> &#8211; <a title=\"Consulting\" href=\"https:\/\/consulting.maxxit.org\/?page_id=44\"><span style=\"color: #888888;\">Consulting<\/span><\/a> &#8211; <span style=\"color: #808080;\"><a title=\"Market Timing\" href=\"https:\/\/consulting.maxxit.org\/?page_id=42\"><span style=\"color: #808080;\">Market Timing<\/span><\/a><\/span> &#8211; <\/span><span style=\"color: #888888;\"><a title=\"maxxIT\" href=\"https:\/\/consulting.maxxit.org\/?page_id=376\"><span style=\"color: #888888;\">maxxIT<\/span><\/a><\/span><span style=\"color: #888888;\"> &#8211; <a title=\"Signals\" href=\"https:\/\/consulting.maxxit.org\/?page_id=470\"><span style=\"color: #888888;\">Signals<\/span><\/a><\/span><\/h5>\n<p>&nbsp;<\/p>\n<h3><em>Das Huhn, das goldene Eier legt &#8230;<\/em><\/h3>\n<p>&nbsp;<\/p>\n<p>Seit\u00a02006 setzten wir im Bereich\u00a0mittel- und langfristige Investitionen\u00a0Trendfolgesysteme ein. Diese Systeme erm\u00f6glichen einen von menschlichen Unw\u00e4gbarkeiten nicht beeinflussten Handel. Der &#8222;Profit Faktor&#8220; dieser Systeme liegt im Durchschnit bei etwa\u00a03 bis 20, teilweise\u00a0sogar noch dar\u00fcber &#8211; mit Backtestings bis 1970 und weiter.\u00a0Wir setzten unsere Systeme in allen von uns gecoverten M\u00e4rkten ein\u00a0&#8211; in internationalen Aktien Indices, Forex W\u00e4hrungspaaren und Commodities.<\/p>\n<p>Diese Systeme m\u00fcssen laufend auf verschiedene Marktphasen angepasst und\u00a0getestet werden. Ein System, das in einem sprunghaften Seitw\u00e4rtsmarkt und in einem starken Trendmarkt gleicherma\u00dfen gute Ergebnisse liefert, haben wir bis jetzt leider noch\u00a0nicht gesehen.<\/p>\n<p>Unsere\u00a0Handelssysteme wurden ausschliesslich von uns entwickelt und\u00a0werden ausschliesslich von uns eingesetzt und gewartet. Die Systeme dienen vor allem dazu, sich \u00e4ndernde Marktbedingungen bzw. Trendphasen zu erkennen und werden selbstverst\u00e4ndlich laufend hinterfragt und auf Plausibilit\u00e4t gepr\u00fcft. Einen vollautomatischen Handel wollen wir nicht und f\u00fchren ihn auch nicht durch.<\/p>\n<p>Lassen Sie uns an dieser Stelle eine kurze\u00a0\u00dcberlegung zu den oft im Internet angebotenen Handelssystemen machen:<br \/>\nWarum sollte jemand ein gut funktionierendes und zuverl\u00e4ssig Gewinne erzeugendes System, das auch noch einen vertretbaren Drawdown bietet\u00a0zum Spotpreis verkaufen, wenn er damit selbst an der Boerse regelm\u00e4ssig und relativ risikoarm Geld verdienen kann ?<\/p>\n","protected":false},"excerpt":{"rendered":"<p>Trading &#8211; Consulting &#8211; Market Timing &#8211; maxxIT &#8211; Signals &nbsp; Das Huhn, das goldene Eier legt &#8230; &nbsp; Seit\u00a02006 setzten wir im Bereich\u00a0mittel- und langfristige Investitionen\u00a0Trendfolgesysteme ein. Diese Systeme erm\u00f6glichen einen von menschlichen Unw\u00e4gbarkeiten nicht beeinflussten Handel. Der &#8222;Profit <a class=\"more-link\" href=\"https:\/\/consulting.maxxit.org\/?page_id=40\">weiterlesen  <span class=\"screen-reader-text\">  Handelssysteme<\/span><span class=\"meta-nav\">&rarr;<\/span><\/a><\/p>\n","protected":false},"author":1,"featured_media":0,"parent":1632,"menu_order":0,"comment_status":"closed","ping_status":"closed","template":"","meta":{"footnotes":""},"_links":{"self":[{"href":"https:\/\/consulting.maxxit.org\/index.php?rest_route=\/wp\/v2\/pages\/40"}],"collection":[{"href":"https:\/\/consulting.maxxit.org\/index.php?rest_route=\/wp\/v2\/pages"}],"about":[{"href":"https:\/\/consulting.maxxit.org\/index.php?rest_route=\/wp\/v2\/types\/page"}],"author":[{"embeddable":true,"href":"https:\/\/consulting.maxxit.org\/index.php?rest_route=\/wp\/v2\/users\/1"}],"replies":[{"embeddable":true,"href":"https:\/\/consulting.maxxit.org\/index.php?rest_route=%2Fwp%2Fv2%2Fcomments&post=40"}],"version-history":[{"count":21,"href":"https:\/\/consulting.maxxit.org\/index.php?rest_route=\/wp\/v2\/pages\/40\/revisions"}],"predecessor-version":[{"id":2151,"href":"https:\/\/consulting.maxxit.org\/index.php?rest_route=\/wp\/v2\/pages\/40\/revisions\/2151"}],"up":[{"embeddable":true,"href":"https:\/\/consulting.maxxit.org\/index.php?rest_route=\/wp\/v2\/pages\/1632"}],"wp:attachment":[{"href":"https:\/\/consulting.maxxit.org\/index.php?rest_route=%2Fwp%2Fv2%2Fmedia&parent=40"}],"curies":[{"name":"wp","href":"https:\/\/api.w.org\/{rel}","templated":true}]}}