{"id":38,"date":"2012-10-10T09:35:24","date_gmt":"2012-10-10T07:35:24","guid":{"rendered":"https:\/\/invest.maxxit.org\/?page_id=38"},"modified":"2017-03-03T19:06:38","modified_gmt":"2017-03-03T17:06:38","slug":"the-wall-street-shuffle","status":"publish","type":"page","link":"https:\/\/consulting.maxxit.org\/?page_id=38","title":{"rendered":"Trading"},"content":{"rendered":"<h5><span style=\"color: #888888;\"><a title=\"Handelssysteme\" href=\"https:\/\/consulting.maxxit.org\/?page_id=40\"><span style=\"color: #888888;\">Handelssysteme<\/span><\/a> &#8211; <a title=\"Consulting\" href=\"https:\/\/consulting.maxxit.org\/?page_id=44\"><span style=\"color: #888888;\">Consulting<\/span><\/a> &#8211; <\/span><span style=\"color: #808080;\"><a title=\"Market Timing\" href=\"https:\/\/consulting.maxxit.org\/?page_id=42\"><span style=\"color: #808080;\">Market Timing<\/span><\/a><\/span><span style=\"color: #888888;\"> &#8211; <span style=\"color: #808080;\"><a title=\"maxxIT\" href=\"https:\/\/consulting.maxxit.org\/?page_id=376\"><span style=\"color: #808080;\">maxxIT<\/span><\/a><\/span> &#8211; <a title=\"Signals\" href=\"https:\/\/consulting.maxxit.org\/?page_id=470\"><span style=\"color: #888888;\">Signals<\/span><\/a><\/span><\/h5>\n<h3><em><br \/>\nThe Wall Street Shuffle &#8230;<\/em><\/h3>\n<p>&nbsp;<\/p>\n<p>&nbsp;<\/p>\n<p>Das\u00a0Leben als H\u00e4ndler ist ja so einfach. Was macht ein H\u00e4ndler schon &#8211; er kauft billig ein und verkauft so teuer wie m\u00f6glich. Die Frage ist nur &#8211;\u00a0wann ist was zu welchem Preis billig und wann\u00a0ist es unter welchen Umstaenden zu welchem Preis teuer\u00a0? Falls Sie uns dies mit einem einfachen Satz beantorten koennen, engagieren wir Sie sofort als Chief Trader.<\/p>\n<p>Wir handeln mit jedem\u00a0geeignetem Instrument, um unsere Anlageziele zu erreichen und das jeweilige Risikoprofil einzuhalten. Ob dies nun Futures, FOREX Kontrakte, ETFs, Aktien oder\u00a0Derivate sind, steht fuer uns nicht im Vordergrund. Wir unterliegen hier auch keinen Beschraenkungen durch Compliance Regeln oder des Wertpapierhandelsgesetztes.<\/p>\n<p>Wir handeln\u00a0vorwiegend in\u00a0mittel- und langfristigen\u00a0Zeithorizonten mit Unterstuetzung von Handelssystemen. Wir handeln ausschlie\u00dflich mit eigenen\u00a0Mitteln und den\u00a0Mitteln unserer Partner. Ein Handel mit Kundengeldern oder Einlagen findet nicht statt und\u00a0wir bedienen auch keine &#8222;managed accounts&#8220;. So k\u00f6nnen wir unsere Unabh\u00e4ngigkeit bewahren &#8211; gerade im Hinblick auf eine hohe und\u00a0unabh\u00e4ngige Beratungsqualit\u00e4t ist dies einer unserer obersten Grunds\u00e4tze.<\/p>\n","protected":false},"excerpt":{"rendered":"<p>Handelssysteme &#8211; Consulting &#8211; Market Timing &#8211; maxxIT &#8211; Signals The Wall Street Shuffle &#8230; &nbsp; &nbsp; Das\u00a0Leben als H\u00e4ndler ist ja so einfach. Was macht ein H\u00e4ndler schon &#8211; er kauft billig ein und verkauft so teuer wie m\u00f6glich. <a class=\"more-link\" href=\"https:\/\/consulting.maxxit.org\/?page_id=38\">weiterlesen  <span class=\"screen-reader-text\">  Trading<\/span><span class=\"meta-nav\">&rarr;<\/span><\/a><\/p>\n","protected":false},"author":1,"featured_media":0,"parent":1632,"menu_order":0,"comment_status":"closed","ping_status":"closed","template":"","meta":{"footnotes":""},"_links":{"self":[{"href":"https:\/\/consulting.maxxit.org\/index.php?rest_route=\/wp\/v2\/pages\/38"}],"collection":[{"href":"https:\/\/consulting.maxxit.org\/index.php?rest_route=\/wp\/v2\/pages"}],"about":[{"href":"https:\/\/consulting.maxxit.org\/index.php?rest_route=\/wp\/v2\/types\/page"}],"author":[{"embeddable":true,"href":"https:\/\/consulting.maxxit.org\/index.php?rest_route=\/wp\/v2\/users\/1"}],"replies":[{"embeddable":true,"href":"https:\/\/consulting.maxxit.org\/index.php?rest_route=%2Fwp%2Fv2%2Fcomments&post=38"}],"version-history":[{"count":23,"href":"https:\/\/consulting.maxxit.org\/index.php?rest_route=\/wp\/v2\/pages\/38\/revisions"}],"predecessor-version":[{"id":2147,"href":"https:\/\/consulting.maxxit.org\/index.php?rest_route=\/wp\/v2\/pages\/38\/revisions\/2147"}],"up":[{"embeddable":true,"href":"https:\/\/consulting.maxxit.org\/index.php?rest_route=\/wp\/v2\/pages\/1632"}],"wp:attachment":[{"href":"https:\/\/consulting.maxxit.org\/index.php?rest_route=%2Fwp%2Fv2%2Fmedia&parent=38"}],"curies":[{"name":"wp","href":"https:\/\/api.w.org\/{rel}","templated":true}]}}