{"id":1632,"date":"2012-11-13T13:30:50","date_gmt":"2012-11-13T11:30:50","guid":{"rendered":"http:\/\/www.maxxit-consulting.ch\/?page_id=1632"},"modified":"2017-03-03T19:11:05","modified_gmt":"2017-03-03T17:11:05","slug":"expertise","status":"publish","type":"page","link":"https:\/\/consulting.maxxit.org\/?page_id=1632","title":{"rendered":"Expertise"},"content":{"rendered":"<h5><span style=\"color: #808080;\"><a title=\"Trading\" href=\"https:\/\/consulting.maxxit.org\/?page_id=38\"><span style=\"color: #808080;\">Trading<\/span><\/a> &#8211; <a title=\"Handelssysteme\" href=\"https:\/\/consulting.maxxit.org\/?page_id=40\"><span style=\"color: #808080;\">Handelssysteme<\/span><\/a> &#8211; <a title=\"Consulting\" href=\"https:\/\/consulting.maxxit.org\/?page_id=44\"><span style=\"color: #808080;\">Consulting<\/span><\/a> &#8211; <a title=\"maxxIT\" href=\"https:\/\/consulting.maxxit.org\/?page_id=376\"><span style=\"color: #808080;\">maxxIT<\/span><\/a> &#8211; <a title=\"Signals\" href=\"https:\/\/consulting.maxxit.org\/?page_id=470\"><span style=\"color: #808080;\">Signals<\/span><\/a><\/span><\/h5>\n<h3><\/h3>\n<h3><em>Erfahrung &#8211; und genaues Hinsehen &#8230;<\/em><\/h3>\n<p>&nbsp;<\/p>\n<p>Unsere internationalen Portolios werden nach technischen und macro\u00f6konomischen Gesichtspunkten mit Unterst\u00fctzung von\u00a0verifizierten und hinterfragten\u00a0Handelssystemen verwaltet. Das einzige Investmentziel ist eine angemessene Rendite bei entsprechend kalkuliertem Risiko zu erwirtschaften. Diese Parameter sind nat\u00fcrlich variabel und je nach Anlageziel und Risikoprofil individuell zu erarbeiten. Dabei lassen wir selbstverst\u00e4ndlich unsere um Nachhaltigkeit bem\u00fchten Investment Grunds\u00e4tze nicht aus den Augen.<\/p>\n<p>Wir verstehen uns nicht als Verm\u00f6gensverwalter im\u00a0klassischen Sinne. Wir verwalten keine Mandate bei einer Depotbank und treffen Investment Entscheidungen nach bestimmten vorher festgelegten Regeln wie &#8222;Target Volatility&#8220; oder &#8222;Minimum Risk&#8220;. Wir beraten Sie lieber bei Ihren eigenen Entscheidungen\u00a0und zeigen Ihnen die Chancen und Risiken oder auch Alternativen und Optimierungsm\u00f6glichkeiten. Wir wollen dass Sie mitdenken und\u00a0mit uns dikutieren.<\/p>\n<p>Wir\u00a0bewegen\u00a0uns seit \u00fcber\u00a020 Jahren auf den globalen Finanzm\u00e4rkten. Das Parkett hei\u00dft heute Computer und die globalen Finanzm\u00e4rkte sind ein Dorf mit immer weniger,\u00a0daf\u00fcr umso gr\u00f6sseren &#8222;Einwohnern&#8220;. Diese &#8222;Einwohner&#8220; k\u00f6nnen die M\u00e4rkte mit enormen Kapitalstr\u00f6men bewegen &#8211;\u00a0und sie tun es auch. Wir haben volatile Seitw\u00e4rtsm\u00e4rkte, bewegungsarme Stagnationsphasen, extreme Blasen und katastrophale Einbr\u00fcche erfolgreich getradet\u00a0nach dem Motto &#8222;Trade what You see and not what You think&#8220;.<\/p>\n<p>&nbsp;<\/p>\n","protected":false},"excerpt":{"rendered":"<p>Trading &#8211; Handelssysteme &#8211; Consulting &#8211; maxxIT &#8211; Signals Erfahrung &#8211; und genaues Hinsehen &#8230; &nbsp; Unsere internationalen Portolios werden nach technischen und macro\u00f6konomischen Gesichtspunkten mit Unterst\u00fctzung von\u00a0verifizierten und hinterfragten\u00a0Handelssystemen verwaltet. Das einzige Investmentziel ist eine angemessene Rendite bei entsprechend <a class=\"more-link\" href=\"https:\/\/consulting.maxxit.org\/?page_id=1632\">weiterlesen  <span class=\"screen-reader-text\">  Expertise<\/span><span class=\"meta-nav\">&rarr;<\/span><\/a><\/p>\n","protected":false},"author":1,"featured_media":0,"parent":0,"menu_order":0,"comment_status":"closed","ping_status":"closed","template":"","meta":{"footnotes":""},"_links":{"self":[{"href":"https:\/\/consulting.maxxit.org\/index.php?rest_route=\/wp\/v2\/pages\/1632"}],"collection":[{"href":"https:\/\/consulting.maxxit.org\/index.php?rest_route=\/wp\/v2\/pages"}],"about":[{"href":"https:\/\/consulting.maxxit.org\/index.php?rest_route=\/wp\/v2\/types\/page"}],"author":[{"embeddable":true,"href":"https:\/\/consulting.maxxit.org\/index.php?rest_route=\/wp\/v2\/users\/1"}],"replies":[{"embeddable":true,"href":"https:\/\/consulting.maxxit.org\/index.php?rest_route=%2Fwp%2Fv2%2Fcomments&post=1632"}],"version-history":[{"count":5,"href":"https:\/\/consulting.maxxit.org\/index.php?rest_route=\/wp\/v2\/pages\/1632\/revisions"}],"predecessor-version":[{"id":2153,"href":"https:\/\/consulting.maxxit.org\/index.php?rest_route=\/wp\/v2\/pages\/1632\/revisions\/2153"}],"wp:attachment":[{"href":"https:\/\/consulting.maxxit.org\/index.php?rest_route=%2Fwp%2Fv2%2Fmedia&parent=1632"}],"curies":[{"name":"wp","href":"https:\/\/api.w.org\/{rel}","templated":true}]}}