{"id":13,"date":"2012-10-09T22:33:50","date_gmt":"2012-10-09T20:33:50","guid":{"rendered":"https:\/\/invest.maxxit.org\/?page_id=13"},"modified":"2017-03-03T13:52:40","modified_gmt":"2017-03-03T11:52:40","slug":"home","status":"publish","type":"page","link":"https:\/\/consulting.maxxit.org\/?page_id=13","title":{"rendered":"Welcome"},"content":{"rendered":"<h3><em><span style=\"color: #000000;\">lets talk about facts &#8230;<\/span><\/em><\/h3>\n<p><span style=\"color: #000000;\">\u00a0<\/span><\/p>\n<p><span style=\"color: #000000;\">Unsere Investment Entscheidungen basieren u.a. auf den Signalen der von uns entwickelten Computermodelle. Wir haben drei Musterportfolios ausgew\u00e4hlt, um Ihnen die langfristige Performance der Portfolios zu demonstrieren. Die durchschnittliche Jahresperformance seit 1995 betr\u00e4gt mit diesen Portfolios ca. 18%. Die Daten der Tradelists sind leicht verifizierbar.\u00a0Hier k\u00f6nnen Sie sich durch unsere Factsheets \u00fcberzeugen, dass wir nicht zuviel versprechen.<\/span><\/p>\n<p>&nbsp;<\/p>\n<h3><span style=\"color: #808080;\"><a title=\"maXXit Global Indices \" href=\"https:\/\/consulting.maxxit.org\/wp-content\/uploads\/maXXit-Portfolio-GlobalIndices.pdf\" target=\"_blank\"><span style=\"color: #808080; text-decoration: underline;\"><span style=\"color: #000000; text-decoration: underline;\"><span style=\"color: #808080; text-decoration: underline;\">maXXit Global Indices\u00a0long-short strategy<\/span>:<\/span><\/span><\/a><\/span><\/h3>\n<p><span style=\"color: #000000;\">consisting of five signal triggered underlyings:\u00a0<\/span><br \/>\n<span style=\"color: #000000;\">DAX Performance Index (EUR)- Eurostoxx 50 Index (EUR) &#8211; S&amp;P 500 Index (USD) &#8211; Nasdaq100 Index (USD) &#8211; Nikkei 225 Index (JPY)<\/span><\/p>\n<p>&nbsp;<\/p>\n<p><a href=\"https:\/\/consulting.maxxit.org\/wp-content\/uploads\/maXXit-Portfolio-Indices.jpg\" target=\"_blank\"><img loading=\"lazy\" decoding=\"async\" class=\"alignnone wp-image-1153\" title=\"maXXit-Portfolio-Indices\" src=\"https:\/\/consulting.maxxit.org\/wp-content\/uploads\/maXXit-Portfolio-Indices.jpg\" width=\"962\" height=\"650\" \/><\/a><\/p>\n<p><span style=\"color: #808080;\"><a title=\"GlobalIndices\" href=\"https:\/\/consulting.maxxit.org\/wp-content\/uploads\/maXXit-Portfolio-GlobalIndices.pdf\" target=\"_blank\"><span style=\"color: #808080;\">download-pdf<\/span><\/a><\/span><\/p>\n<p>&nbsp;<\/p>\n<p>&nbsp;<\/p>\n<h3><span style=\"color: #000000; text-decoration: underline;\"><span style=\"color: #808080;\"><a title=\"maXXit Commodities \" href=\"https:\/\/consulting.maxxit.org\/wp-content\/uploads\/inst-maXXit-Portfolio-commodities.pdf\" target=\"_blank\"><span style=\"color: #808080; text-decoration: underline;\">maXXit Commodities long-short strategy:<\/span><\/a><\/span>\u00a0<\/span><\/h3>\n<p><span style=\"color: #000000;\">consisting of\u00a0three signal triggered underlyings:<br \/>\nBrent Oil Future rolling (USD) &#8211; Gold Future rolling (USD)\u00a0&#8211; Wheat Future rolling (USD)<\/span><\/p>\n<p>&nbsp;<\/p>\n<p><a href=\"https:\/\/consulting.maxxit.org\/wp-content\/uploads\/maXXit-Portfolio-commodities.jpg\" target=\"_blank\"><img loading=\"lazy\" decoding=\"async\" class=\"alignnone wp-image-1161\" title=\"maXXit-Portfolio-commodities\" src=\"https:\/\/consulting.maxxit.org\/wp-content\/uploads\/maXXit-Portfolio-commodities.jpg\" width=\"952\" height=\"650\" \/><\/a><\/p>\n<p><a title=\"maXXit Commdodities pdf\" href=\"https:\/\/consulting.maxxit.org\/wp-content\/uploads\/inst-maXXit-Portfolio-commodities.pdf\" target=\"_blank\"><span style=\"color: #808080;\"><span style=\"color: #808080;\">download-pdf<\/span><\/span><\/a><\/p>\n<p>&nbsp;<\/p>\n<p>&nbsp;<\/p>\n<h3><span style=\"color: #808080; text-decoration: underline;\"><a title=\"maXXit Forex\" href=\"https:\/\/consulting.maxxit.org\/wp-content\/uploads\/maXXit-Portfolio-forex.pdf\"><span style=\"color: #808080;\">maXXit\u00a0FOREX long-short strategy<\/span><\/a>:<\/span><\/h3>\n<p><span style=\"color: #000000;\">consisting of four signal triggered underlyings:<br \/>\nEURUSD &#8211; EURJPY &#8211; USDJPY &#8211; AUDUSD<\/span><\/p>\n<p><a href=\"https:\/\/consulting.maxxit.org\/wp-content\/uploads\/maXXit-Portfolio-forex.jpg\" target=\"_blank\"><img loading=\"lazy\" decoding=\"async\" class=\"alignnone wp-image-1140\" title=\"maXXit-Portfolio-forex\" src=\"https:\/\/consulting.maxxit.org\/wp-content\/uploads\/maXXit-Portfolio-forex.jpg\" width=\"952\" height=\"650\" \/><\/a><\/p>\n<p><a title=\"maXXit Forex\" href=\"https:\/\/consulting.maxxit.org\/wp-content\/uploads\/maXXit-Portfolio-forex.pdf\" target=\"_blank\"><span style=\"color: #808080;\"><span style=\"color: #808080;\">download-pdf<\/span><\/span><\/a><\/p>\n<p>&nbsp;<\/p>\n<p>In unserem Kundenbereich stellen wir ab dem subscription level &#8222;institutional investor&#8220; die Excel sheets mit den Tradedaten zur Verf\u00fcgung, aus denen diese Factsheets erzeugt wurden. Sie k\u00f6nnen dann mit\u00a0verschiedenen Investitionssummen und\u00a0angepassten Asset Allocations Modelle\u00a0durchspielen und sie\u00a0Ihren speziellen Bed\u00fcrfnissen anpassen.<\/p>\n<p>&nbsp;<\/p>\n<p>Wir haben unsere Website in drei Bereiche unterteilt:<\/p>\n<ul>\n<li>Der freie Bereich mit allgemeinen Informationen.<\/li>\n<li>Der Research Bereich, fuer den lediglich eine subscription erforderlich ist.<\/li>\n<li>Der Kundenbereich, fuer den es eine trial membership gibt bzw. unbeschr\u00e4nkt f\u00fcr unsere Kunden.<\/li>\n<\/ul>\n<p>&nbsp;<\/p>\n<p><span style=\"color: #000000;\">Wir bem\u00fchen uns um nachhaltige und sozialvertr\u00e4gliche Investments, obwohl dies manchmal nicht so einfach festzustellen ist. Wer immer in ein global operierendes Unternehmen investiert &#8211; sei es durch den Kauf von Aktien, Anleihen oder Direktinvestments &#8211; muss damit rechnen, dass eines unserer unten genannten Kriterien verletzt wird. Und doch kann man bei seinen Investitionsentscheidungen sehr wohl darauf achten, welchen Unternehmen man sein Geld anvertraut.<\/span><\/p>\n<h4><\/h4>\n<ul>\n<li><span style=\"color: #000000;\">Wir finanzieren keine Waffengesch\u00e4fte.<\/span><\/li>\n<li><span style=\"color: #000000;\">Wir betreiben oder unterst\u00fctzen keine Geldw\u00e4sche Aktivit\u00e4ten.<\/span><\/li>\n<li><span style=\"color: #000000;\">Wir finanzieren keine Umwandlungen von Miet- in Eigentumswohnungen<br \/>\n(Wohnimmobilien Spekulationen).<\/span><\/li>\n<li><span style=\"color: #000000;\">Wir finanzieren keine Gesch\u00e4fte, die auf Sozialdumping und Lohnausbeutung beruhen.<\/span><\/li>\n<\/ul>\n<h4><\/h4>\n","protected":false},"excerpt":{"rendered":"<p>lets talk about facts &#8230; \u00a0 Unsere Investment Entscheidungen basieren u.a. auf den Signalen der von uns entwickelten Computermodelle. Wir haben drei Musterportfolios ausgew\u00e4hlt, um Ihnen die langfristige Performance der Portfolios zu demonstrieren. Die durchschnittliche Jahresperformance seit 1995 betr\u00e4gt mit <a class=\"more-link\" href=\"https:\/\/consulting.maxxit.org\/?page_id=13\">weiterlesen  <span class=\"screen-reader-text\">  Welcome<\/span><span class=\"meta-nav\">&rarr;<\/span><\/a><\/p>\n","protected":false},"author":1,"featured_media":0,"parent":0,"menu_order":0,"comment_status":"closed","ping_status":"closed","template":"page-fullwidth.php","meta":{"footnotes":""},"_links":{"self":[{"href":"https:\/\/consulting.maxxit.org\/index.php?rest_route=\/wp\/v2\/pages\/13"}],"collection":[{"href":"https:\/\/consulting.maxxit.org\/index.php?rest_route=\/wp\/v2\/pages"}],"about":[{"href":"https:\/\/consulting.maxxit.org\/index.php?rest_route=\/wp\/v2\/types\/page"}],"author":[{"embeddable":true,"href":"https:\/\/consulting.maxxit.org\/index.php?rest_route=\/wp\/v2\/users\/1"}],"replies":[{"embeddable":true,"href":"https:\/\/consulting.maxxit.org\/index.php?rest_route=%2Fwp%2Fv2%2Fcomments&post=13"}],"version-history":[{"count":174,"href":"https:\/\/consulting.maxxit.org\/index.php?rest_route=\/wp\/v2\/pages\/13\/revisions"}],"predecessor-version":[{"id":2121,"href":"https:\/\/consulting.maxxit.org\/index.php?rest_route=\/wp\/v2\/pages\/13\/revisions\/2121"}],"wp:attachment":[{"href":"https:\/\/consulting.maxxit.org\/index.php?rest_route=%2Fwp%2Fv2%2Fmedia&parent=13"}],"curies":[{"name":"wp","href":"https:\/\/api.w.org\/{rel}","templated":true}]}}