{"id":1174,"date":"2012-11-06T13:18:15","date_gmt":"2012-11-06T11:18:15","guid":{"rendered":"http:\/\/www.maxxit-consulting.ch\/?page_id=1174"},"modified":"2017-03-15T18:55:34","modified_gmt":"2017-03-15T16:55:34","slug":"pricing-model","status":"publish","type":"page","link":"https:\/\/consulting.maxxit.org\/?page_id=1174","title":{"rendered":"pricing model"},"content":{"rendered":"<h5><span style=\"color: #808080;\"><a title=\"Signals\" href=\"https:\/\/consulting.maxxit.org\/?page_id=470\"><span style=\"color: #808080;\">investment signals<\/span><\/a> &#8211; <a title=\"memberships\" href=\"https:\/\/consulting.maxxit.org\/?page_id=1275\"><span style=\"color: #808080;\">memberships<\/span><\/a><\/span><\/h5>\n<p>&nbsp;<\/p>\n<p>unser pricing model f\u00fcr den Bezug der Investment Signals beruht auf der 20% Regel, wie auch in unseren Partnervertr\u00e4gen festgelegt. Dies ist die normale Marge eines Hedge Funds &#8211; mit dem Unterschied, dass Sie durch den Bezug unserer Signale Ihr Kapital und Ihr Risiko jederzeit selbst im Griff haben.<\/p>\n<p>Wir gehen\u00a0bei der Preisfestsetzung\u00a0f\u00fcr private Investoren von einer Portfoliogr\u00f6sse von EUR 100.000.- aus. F\u00fcr institutionelle Investoren betr\u00e4gt die f\u00fcr die Preisberechnung zugrunde gelegte Portfoliogr\u00f6sse EUR\u00a010 Mio. ( bei kleineren Verm\u00f6gensverwaltern zeigen wir uns hier aber flexibel)\u00a0bestehend aus folgenden Einzelportfolios:<\/p>\n<p>&nbsp;<\/p>\n<ul>\n<li><span style=\"color: #888888;\"><a title=\"Portfolio Global Indices\" href=\"https:\/\/consulting.maxxit.org\/wp-content\/uploads\/maXXit-Portfolio-GlobalIndices.pdf\" target=\"_blank\"><span style=\"color: #888888;\">Portfolio Global Indices<\/span><\/a><\/span> EUR 40.000.- (EUR\u00a04 Mio.)<\/li>\n<li><span style=\"color: #888888;\"><a title=\"Portfolio Commodities\" href=\"https:\/\/consulting.maxxit.org\/wp-content\/uploads\/inst-maXXit-Portfolio-commodities.pdf\" target=\"_blank\"><span style=\"color: #888888;\">Portfolio Commodities<\/span><\/a><\/span>\u00a0 EUR 35.000.- (EUR\u00a03,5 Mio.)<\/li>\n<li><span style=\"color: #888888;\"><a title=\"Portfolio FOREX\" href=\"https:\/\/consulting.maxxit.org\/wp-content\/uploads\/maXXit-Portfolio-forex.pdf\" target=\"_blank\"><span style=\"color: #888888;\">Portfolio\u00a0Currencies\u00a0\u00a0\u00a0\u00a0 \u00a0<\/span><\/a>\u00a0<\/span>EUR 25.000.- (EUR\u00a02,5 Mio.).<\/li>\n<\/ul>\n<p>&nbsp;<\/p>\n<p>Von den erzielten Gewinnen, die das Gesamtportfolio durch unsere Investment Signals erzielt, berechnen wir 20% des Gewinns. Sollte ein Trade nicht erfolgreich sein bzw. Verluste verursachen, bezahlen Sie f\u00fcr diesen Trade\u00a0auch keine Gewinnbeteiligung. Eine Erstattung erfolgt nicht.\u00a0Die Rechnungsstellung\u00a0erfolgt jeweils pro abgeschlossenem Trade.<\/p>\n<p>&nbsp;<\/p>\n<p>Preisbeispiel:<\/p>\n<p>Ein Signal indiziert den Einstieg in den DAX Performance Index bei\u00a05.000 Punkten.-.\u00a0Drei Monate sp\u00e4ter indiziert das Signal das Schliessen des Trades bei 5.500 Punkten. Sie haben also einen Gewinn von 500 DAX Punkten oder 10% erzielt. Da der DAX Performance Index in unserem <span style=\"color: #888888;\"><a title=\"Global Indices Portfolio\" href=\"https:\/\/consulting.maxxit.org\/wp-content\/uploads\/maXXit-Portfolio-GlobalIndices.pdf\" target=\"_blank\"><span style=\"color: #888888;\">Global Indices Musterportfolio <\/span><\/a><\/span>mit 20% gewichtet ist,\u00a0betr\u00e4gt die\u00a0Investitionssumme also EUR 20.000.-. Sie\u00a0haben damit einen Gewinn von EUR 2.000.- erzielt. Von diesen EUR 2.000.- Gewinn berechnen wir 20%, also EUR 400.-. Abgerechnet wird immer in EUR zum Devisenkurs des jeweiligen Underlyings. Sie erhalten von uns also eine Rechnung \u00fcber EUR 400.- nach Abschluss des beschriebenen DAX Trades.<\/p>\n<p>&nbsp;<\/p>\n<p>Ihr Vorteil bei unserem pricing model:<\/p>\n<ul>\n<li>Sie bezahlen immer nur so viel, wie gut unsere Signale sind &#8211; eben 20% vom Gewinn.<\/li>\n<li>Wir gehen von einer bestimmten Portfoliogr\u00f6sse aus. Sollten Sie mehr investieren oder mit Hebeln handeln, ist das Ihre eigene Entscheidung. Sie bezahlen immer nur den Betrag, den unsere Musterportfolios erzeugen (gedeckelte fee).<\/li>\n<li>Erzeugen unsere Signale keinen Gewinn, bezahlen Sie auch keine Gewinnbeteiligung.<\/li>\n<\/ul>\n<p>&nbsp;<\/p>\n<p>Sollten Sie\u00a0keine Investionen nach unseren Signalen t\u00e4tigen, z.B. weil Sie anderer Meinung zum derzeitigen Marktumfeld sind, bezahlen Sie dennoch die Geb\u00fchren, wenn unsere Signale Gewinne erzielen. Wenn unsere Signale keine Gewinne erzielen, bezahlen Sie ja sowieso nichts.<\/p>\n<p>Falls Sie Interesse an einem Testzugang haben, gehen Sie bitte auf unsere\u00a0<span style=\"color: #888888;\"><a title=\"memberships\" href=\"https:\/\/consulting.maxxit.org\/?page_id=1275\"><span style=\"color: #888888;\">memberships<\/span><\/a><\/span> page. Sie koennen\u00a0hier via Paypal gegen eine\u00a0symbolische Geb\u00fchr einen einw\u00f6chigen Testzugang erwerben, um sich in Ruhe in unserem Kundenbereich umzusehen.<br \/>\nFalls Sie als privater oder institutioneller Investor an einem Dauerzugang interessiert sind, k\u00f6nnen Sie gegen eine einmalige Sicherheitsleistung (initial margin) diese ebenfalls \u00fcber Paypal aktivieren. Wir werden Ihnen im Folgenden die Abrechnung wie oben beschrieben zuschicken, die mit Ihrer Sicherheitsleistung entsprechend verrechnet werden.<\/p>\n<p>Wir beantworten Ihre Fragen selbstverst\u00e4ndlich gerne auch bei einem pers\u00f6nlichen Gespr\u00e4ch in Ihrem Hause.<\/p>\n","protected":false},"excerpt":{"rendered":"<p>investment signals &#8211; memberships &nbsp; unser pricing model f\u00fcr den Bezug der Investment Signals beruht auf der 20% Regel, wie auch in unseren Partnervertr\u00e4gen festgelegt. Dies ist die normale Marge eines Hedge Funds &#8211; mit dem Unterschied, dass Sie durch <a class=\"more-link\" href=\"https:\/\/consulting.maxxit.org\/?page_id=1174\">weiterlesen  <span class=\"screen-reader-text\">  pricing model<\/span><span class=\"meta-nav\">&rarr;<\/span><\/a><\/p>\n","protected":false},"author":1,"featured_media":0,"parent":470,"menu_order":0,"comment_status":"closed","ping_status":"closed","template":"","meta":{"footnotes":""},"_links":{"self":[{"href":"https:\/\/consulting.maxxit.org\/index.php?rest_route=\/wp\/v2\/pages\/1174"}],"collection":[{"href":"https:\/\/consulting.maxxit.org\/index.php?rest_route=\/wp\/v2\/pages"}],"about":[{"href":"https:\/\/consulting.maxxit.org\/index.php?rest_route=\/wp\/v2\/types\/page"}],"author":[{"embeddable":true,"href":"https:\/\/consulting.maxxit.org\/index.php?rest_route=\/wp\/v2\/users\/1"}],"replies":[{"embeddable":true,"href":"https:\/\/consulting.maxxit.org\/index.php?rest_route=%2Fwp%2Fv2%2Fcomments&post=1174"}],"version-history":[{"count":46,"href":"https:\/\/consulting.maxxit.org\/index.php?rest_route=\/wp\/v2\/pages\/1174\/revisions"}],"predecessor-version":[{"id":2194,"href":"https:\/\/consulting.maxxit.org\/index.php?rest_route=\/wp\/v2\/pages\/1174\/revisions\/2194"}],"up":[{"embeddable":true,"href":"https:\/\/consulting.maxxit.org\/index.php?rest_route=\/wp\/v2\/pages\/470"}],"wp:attachment":[{"href":"https:\/\/consulting.maxxit.org\/index.php?rest_route=%2Fwp%2Fv2%2Fmedia&parent=1174"}],"curies":[{"name":"wp","href":"https:\/\/api.w.org\/{rel}","templated":true}]}}